{"id":230,"date":"2025-12-31T16:00:03","date_gmt":"2025-12-31T15:00:03","guid":{"rendered":"https:\/\/doradcametodyczny.eu\/?page_id=230"},"modified":"2026-02-02T11:18:22","modified_gmt":"2026-02-02T10:18:22","slug":"blog-edukatora","status":"publish","type":"page","link":"https:\/\/doradcametodyczny.eu\/index.php\/blog-edukatora\/","title":{"rendered":"Blog"},"content":{"rendered":"\n<p class=\"has-global-color-4-color has-text-color has-link-color wp-elements-1c0ad9b65eb0a2dc330b1a7c9bb84500\"><strong>Witam na blogu Praktyczny Poradnik Edukatora!<\/strong><\/p>\n\n\n\n<p>Wiem, \u017ce g\u0105szcz narz\u0119dzi cyfrowych do zastosowania w szkole mo\u017ce przyt\u0142acza\u0107. Dlatego na swoim blogu bior\u0119 na warsztat najciekawsze, bardziej lub mniej znane, narz\u0119dzia dla nauczycieli i sprawdzam, kt\u00f3re z nich naprawd\u0119 warto zna\u0107 i stosowa\u0107 w codziennej pracy.<\/p>\n\n\n\n<p>Ten blog powsta\u0142 z my\u015bl\u0105 o nauczycielach, kt\u00f3rzy szukaj\u0105 rzetelnych informacji o serwisach, programach i aplikacjach edukacyjnych. Znajdziesz tu obiektywne recenzje narz\u0119dzi TIK oraz pomys\u0142y na to, jak skutecznie wdro\u017cy\u0107 cyfrowe rozwi\u0105zania do codziennej pracy z klas\u0105.<\/p>\n","protected":false},"excerpt":{"rendered":"<p>Witam na blogu Praktyczny Poradnik Edukatora! Wiem, \u017ce g\u0105szcz narz\u0119dzi cyfrowych do zastosowania w szkole mo\u017ce przyt\u0142acza\u0107. Dlatego na swoim blogu bior\u0119 [&hellip;]<\/p>\n","protected":false},"author":1,"featured_media":0,"parent":0,"menu_order":0,"comment_status":"closed","ping_status":"closed","template":"","meta":{"footnotes":""},"class_list":["post-230","page","type-page","status-publish","hentry"],"_links":{"self":[{"href":"https:\/\/doradcametodyczny.eu\/index.php\/wp-json\/wp\/v2\/pages\/230","targetHints":{"allow":["GET"]}}],"collection":[{"href":"https:\/\/doradcametodyczny.eu\/index.php\/wp-json\/wp\/v2\/pages"}],"about":[{"href":"https:\/\/doradcametodyczny.eu\/index.php\/wp-json\/wp\/v2\/types\/page"}],"author":[{"embeddable":true,"href":"https:\/\/doradcametodyczny.eu\/index.php\/wp-json\/wp\/v2\/users\/1"}],"replies":[{"embeddable":true,"href":"https:\/\/doradcametodyczny.eu\/index.php\/wp-json\/wp\/v2\/comments?post=230"}],"version-history":[{"count":3,"href":"https:\/\/doradcametodyczny.eu\/index.php\/wp-json\/wp\/v2\/pages\/230\/revisions"}],"predecessor-version":[{"id":362,"href":"https:\/\/doradcametodyczny.eu\/index.php\/wp-json\/wp\/v2\/pages\/230\/revisions\/362"}],"wp:attachment":[{"href":"https:\/\/doradcametodyczny.eu\/index.php\/wp-json\/wp\/v2\/media?parent=230"}],"curies":[{"name":"wp","href":"https:\/\/api.w.org\/{rel}","templated":true}]}}