{"id":356,"date":"2026-02-02T11:05:47","date_gmt":"2026-02-02T10:05:47","guid":{"rendered":"https:\/\/doradcametodyczny.eu\/?page_id=356"},"modified":"2026-02-02T13:44:47","modified_gmt":"2026-02-02T12:44:47","slug":"nowoczesne-technologie-w-edukacji","status":"publish","type":"page","link":"https:\/\/doradcametodyczny.eu\/index.php\/nowoczesne-technologie-w-edukacji\/","title":{"rendered":"Nowoczesne technologie w edukacji"},"content":{"rendered":"\n<p>Wsp\u00f3\u0142czesna edukacja przechodzi obecnie bardzo szybk\u0105 transformacj\u0119, a <strong>nowoczesne technologie<\/strong> przesta\u0142y by\u0107 jedynie dodatkiem do lekcji \u2013 sta\u0142y si\u0119 jej sta\u0142ym elementem, czy tego chcemy, czy nie.<\/p>\n\n\n\n<p>Jako doradca metodyczny obserwuj\u0119, jak cyfrowe narz\u0119dzia zmieniaj\u0105 rol\u0119 nauczyciela z g\u0142\u00f3wnego \u017ar\u00f3d\u0142a wiedzy w przewodnika po \u015bwiecie informacji. Kluczem do sukcesu nie jest jednak sama obecno\u015b\u0107 technologii w klasie, ale jej m\u0105dre i przemy\u015blane wykorzystanie przez nauczyciela. To ona zaanga\u017cuje bardziej jego wychowank\u00f3w i zwi\u0119kszy ich motywacj\u0119, pomo\u017ce zrealizowa\u0107 cele nauczania, a przy okazji rozwinie kompetencje przysz\u0142o\u015bci uczni\u00f3w.<\/p>\n\n\n\n<p>Na swoim blogu poddaj\u0119 analizie trzy kluczowe obszary powi\u0105zane z <strong>nowoczesnymi technologiami<\/strong>, z kt\u00f3rymi styka si\u0119 wsp\u00f3\u0142czesny nauczyciel:<\/p>\n\n\n\n<p><strong>1. Programy i aplikacje<\/strong><\/p>\n\n\n\n<p>Skupiam si\u0119 na rozwi\u0105zaniach, kt\u00f3re rzeczywi\u015bcie odci\u0105\u017caj\u0105 nauczyciela w codziennej pracy. Przybli\u017cam programy m.in. do edycji tre\u015bci, tworzenia interaktywnych prezentacji oraz szybkiego tworzenia test\u00f3w i quiz\u00f3w. Pokazuj\u0119, jak z pozoru proste aplikacje mog\u0105 sta\u0107 si\u0119 wsparciem w wizualizacji trudnych poj\u0119\u0107 i w\u0142\u0105czaniu wszystkich uczni\u00f3w w proces nauczania.<\/p>\n\n\n\n<p><strong>2. <\/strong><strong>Internetowe <\/strong><strong>serwisy edukacyjne<\/strong><\/p>\n\n\n\n<p>Przeszukuj\u0119 sie\u0107 w poszukiwaniu platform, kt\u00f3re oferuj\u0105 co\u015b wi\u0119cej ni\u017c tylko gotowe karty pracy. Interesuj\u0105 mnie serwisy umo\u017cliwiaj\u0105ce pomoc w tworzeniu projekt\u00f3w edukacyjnych, bezpieczne udost\u0119pnianie wiedzy w chmurze oraz po prostu zabaw\u0119 podczas nauki (grywalizacj\u0119). Sprawdzam polskie i zagraniczne portale, oceniaj\u0105c ich warto\u015b\u0107 merytoryczn\u0105, aby dostarcza\u0107 Wam sprawdzonej wiedzy.<\/p>\n\n\n\n<p><strong>3. AI czyli Sztuczna Inteligencja<\/strong><\/p>\n\n\n\n<p>To aktualnie obszar dzia\u0142alno\u015bci edukacyjnej wzbudzaj\u0105cy najwi\u0119cej emocji. Poznaj\u0119 i sprawdzam serwisy, w kt\u00f3rych AI jest obecne i mo\u017ce sta\u0107 si\u0119 \u201eosobistym asystentem\u201d ka\u017cdego nauczyciela. Staram si\u0119 pokazywa\u0107 sposoby wykorzystania sztucznej inteligencji na lekcji j\u0119zyka angielskiego (i nie tylko), do personalizacji nauczania (r\u00f3\u017cnicowania zada\u0144), uzyskiwania szybkiej oceny pracy uczni\u00f3w oraz informacji zwrotnej, a tak\u017ce tworzenia oryginalnych scenariuszy lekcji, kt\u00f3re zanga\u017cuj\u0105 naszych uczni\u00f3w.<\/p>\n\n\n\n<p><strong>Dlaczego warto tu zosta\u0107?<\/strong><\/p>\n\n\n\n<p>Moim celem jest nie tylko zaprezentowanie nowo\u015bci w obszarze TIK dla edukacji, ale r\u00f3wnie\u017c odczarowanie technologii. Wielu nauczycieli ci\u0105gle czuje znaczny respekt lub pewne obawy przed stosowaniem nowych technologii. Bez powodu.<\/p>\n\n\n\n<p>Pokazuj\u0119 te\u017c, jak za pomoc\u0105 dost\u0119pnych narz\u0119dzi, serwis\u00f3w internetowych i program\u00f3w AI mo\u017cna odci\u0105\u017cy\u0107 nauczyciela od \u017cmudnej szkolnej biurokracji, d\u0142ugiego tworzenia zada\u0144 i kart pracy i przede wszystkim, by mia\u0142 czas na budowanie dobrych relacji z uczniem.<\/p>\n\n\n\n<div class=\"wp-block-buttons is-content-justification-center is-layout-flex wp-container-core-buttons-is-layout-a89b3969 wp-block-buttons-is-layout-flex\">\n<div class=\"wp-block-button\"><a class=\"wp-block-button__link has-text-align-center wp-element-button\" href=\"https:\/\/doradcametodyczny.eu\/index.php\/blog-o-nowoczesnych-narzedziach\/\">Przejd\u017a do bloga<\/a><\/div>\n<\/div>\n\n\n\n<p><\/p>\n","protected":false},"excerpt":{"rendered":"<p>Wsp\u00f3\u0142czesna edukacja przechodzi obecnie bardzo szybk\u0105 transformacj\u0119, a nowoczesne technologie przesta\u0142y by\u0107 jedynie dodatkiem do lekcji \u2013 sta\u0142y si\u0119 jej sta\u0142ym elementem, [&hellip;]<\/p>\n","protected":false},"author":1,"featured_media":0,"parent":0,"menu_order":0,"comment_status":"closed","ping_status":"closed","template":"","meta":{"footnotes":""},"class_list":["post-356","page","type-page","status-publish","hentry"],"_links":{"self":[{"href":"https:\/\/doradcametodyczny.eu\/index.php\/wp-json\/wp\/v2\/pages\/356","targetHints":{"allow":["GET"]}}],"collection":[{"href":"https:\/\/doradcametodyczny.eu\/index.php\/wp-json\/wp\/v2\/pages"}],"about":[{"href":"https:\/\/doradcametodyczny.eu\/index.php\/wp-json\/wp\/v2\/types\/page"}],"author":[{"embeddable":true,"href":"https:\/\/doradcametodyczny.eu\/index.php\/wp-json\/wp\/v2\/users\/1"}],"replies":[{"embeddable":true,"href":"https:\/\/doradcametodyczny.eu\/index.php\/wp-json\/wp\/v2\/comments?post=356"}],"version-history":[{"count":10,"href":"https:\/\/doradcametodyczny.eu\/index.php\/wp-json\/wp\/v2\/pages\/356\/revisions"}],"predecessor-version":[{"id":410,"href":"https:\/\/doradcametodyczny.eu\/index.php\/wp-json\/wp\/v2\/pages\/356\/revisions\/410"}],"wp:attachment":[{"href":"https:\/\/doradcametodyczny.eu\/index.php\/wp-json\/wp\/v2\/media?parent=356"}],"curies":[{"name":"wp","href":"https:\/\/api.w.org\/{rel}","templated":true}]}}