{"id":45,"date":"2025-10-04T18:49:13","date_gmt":"2025-10-04T16:49:13","guid":{"rendered":"https:\/\/doradcametodyczny.eu\/\/autoinstalator\/wordpress4\/?page_id=45"},"modified":"2026-02-02T12:52:47","modified_gmt":"2026-02-02T11:52:47","slug":"men-akty-prawne","status":"publish","type":"page","link":"https:\/\/doradcametodyczny.eu\/index.php\/men-akty-prawne\/","title":{"rendered":"Men \u2013 akty prawne"},"content":{"rendered":"<div ><style>#sp-ea-57 .spcollapsing { height: 0; overflow: hidden; transition-property: height;transition-duration: 300ms;}#sp-ea-57.sp-easy-accordion>.sp-ea-single {margin-bottom: 10px; border: 1px solid #e2e2e2; }#sp-ea-57.sp-easy-accordion>.sp-ea-single>.ea-header a {color: #ffffff;}#sp-ea-57.sp-easy-accordion>.sp-ea-single>.sp-collapse>.ea-body {background: #fff; color: #444;}#sp-ea-57.sp-easy-accordion>.sp-ea-single {background: #060097;}#sp-ea-57.sp-easy-accordion>.sp-ea-single>.ea-header a .ea-expand-icon { float: left; color: #444;font-size: 16px;}<\/style><div id=\"sp_easy_accordion-1759596677\"><div id=\"sp-ea-57\" class=\"sp-ea-one sp-easy-accordion\" data-ea-active=\"ea-click\" data-ea-mode=\"vertical\" data-preloader=\"\" data-scroll-active-item=\"1\" data-offset-to-scroll=\"0\"><div class=\"ea-card sp-ea-single\"><h3 class=\"ea-header\"><a class=\"collapsed\" id=\"ea-header-570\" role=\"button\" data-sptoggle=\"spcollapse\" data-sptarget=\"#collapse570\" aria-controls=\"collapse570\" href=\"#\" aria-expanded=\"false\" tabindex=\"0\"><i aria-hidden=\"true\" role=\"presentation\" class=\"ea-expand-icon eap-icon-ea-expand-plus\"><\/i> USTAWY<\/a><\/h3><div class=\"sp-collapse spcollapse spcollapse\" id=\"collapse570\" data-parent=\"#sp-ea-57\" role=\"region\" aria-labelledby=\"ea-header-570\"> <div class=\"ea-body\"><p><a href=\"https:\/\/www.prawo.vulcan.edu.pl\/przegdok.asp?qdatprz=akt&amp;qplikid=2\" target=\"_blank\" rel=\"noopener\"><span style=\"color: #a5a5a5\"><span style=\"font-family: calibri\"><span style=\"font-size: large\">KARTA NAUCZYCIELA<\/span><\/span><\/span><\/a><\/p><p align=\"left\"><a href=\"http:\/\/isap.sejm.gov.pl\/isap.nsf\/download.xsp\/WDU20170000060\/U\/D20170060Lj.pdf\" target=\"_blank\" rel=\"noopener\"><span style=\"color: #a5a5a5\"><span style=\"font-family: calibri\"><span style=\"font-size: large\">PRZEPISY WPROWADZAJ\u0104CE USTAW\u0118 \u2013 PRAWO O\u015aWIATOWE<\/span><\/span><\/span><\/a><\/p><p align=\"left\"><a href=\"https:\/\/www.prawo.vulcan.edu.pl\/przegdok.asp?qdatprz=akt&amp;qplikid=1\" target=\"_blank\" rel=\"noopener\"><span style=\"color: #a5a5a5\"><span style=\"font-family: calibri\"><span style=\"font-size: large\">USTAWA O SYSTEMIE O\u015aWIATY<\/span><\/span><\/span><\/a><\/p><p align=\"left\"><a href=\"https:\/\/www.prawo.vulcan.edu.pl\/przegdok.asp?qdatprz=akt&amp;qplikid=4186\" target=\"_blank\" rel=\"noopener\"><span style=\"color: #a5a5a5\"><span style=\"font-family: calibri\"><span style=\"font-size: large\">PRAWO O\u015aWIATOWE<\/span><\/span><\/span><\/a><\/p><\/div><\/div><\/div><div class=\"ea-card sp-ea-single\"><h3 class=\"ea-header\"><a class=\"collapsed\" id=\"ea-header-571\" role=\"button\" data-sptoggle=\"spcollapse\" data-sptarget=\"#collapse571\" aria-controls=\"collapse571\" href=\"#\" aria-expanded=\"false\" tabindex=\"0\"><i aria-hidden=\"true\" role=\"presentation\" class=\"ea-expand-icon eap-icon-ea-expand-plus\"><\/i> ROZPORZ\u0104DZENIA<\/a><\/h3><div class=\"sp-collapse spcollapse spcollapse\" id=\"collapse571\" data-parent=\"#sp-ea-57\" role=\"region\" aria-labelledby=\"ea-header-571\"> <div class=\"ea-body\"><h5 class=\"western\"><a href=\"https:\/\/isap.sejm.gov.pl\/isap.nsf\/download.xsp\/WDU20180001574\/O\/D20181574.pdf\" target=\"_blank\" rel=\"noopener\"><span style=\"color: #a5a5a5\"><span style=\"font-family: calibri\"><span style=\"font-size: large\">ROZPORZ\u0104DZENIE MEN W SPRAWIE UZYSKIWANIA STOPNI AWANSU ZAWODOWEGO PRZEZ NAUCZYCIELI<\/span><\/span><\/span><\/a><\/h5><h5 class=\"western\" align=\"left\"><a href=\"https:\/\/isap.sejm.gov.pl\/isap.nsf\/download.xsp\/WDU20160000895\/O\/D20160895.pdf\" target=\"_blank\" rel=\"noopener\"><span style=\"color: #a5a5a5\"><span style=\"font-family: calibri\"><span style=\"font-size: large\">ROZPORZ\u0104DZENIE MEN W SPRAWIE PODSTAWY PROGRAMOWEJ KSZTA\u0141CENIA OG\u00d3LNEGO<\/span><\/span><\/span><\/a><\/h5><h5 class=\"western\" align=\"left\"><a href=\"https:\/\/isap.sejm.gov.pl\/isap.nsf\/download.xsp\/WDU20190000373\/O\/D20190373.pdf\" target=\"_blank\" rel=\"noopener\"><span style=\"color: #a5a5a5\"><span style=\"font-family: calibri\"><span style=\"font-size: large\">ROZPORZ\u0104DZENIE MEN W SPRAWIE OCENIANIA, KLASYFIKOWANIA I PROMOWANIA<\/span><\/span><\/span><\/a><\/h5><h5 class=\"western\" align=\"left\"><a href=\"https:\/\/prawo.vulcan.edu.pl\/przegdok.asp?qdatprz=akt&amp;qplikid=4411\" target=\"_blank\" rel=\"noopener\"><span style=\"color: #a5a5a5\"><span style=\"font-family: calibri\"><span style=\"font-size: large\">ROZPORZ\u0104DZENIE MEN W SPRAWIE NADZORU PEDAGOGICZNEGO<\/span><\/span><\/span><\/a><\/h5><h5 class=\"western\" align=\"left\"><a href=\"https:\/\/isap.sejm.gov.pl\/isap.nsf\/download.xsp\/WDU20091311078\/O\/D20091078.pdf\" target=\"_blank\" rel=\"noopener\"><span style=\"color: #a5a5a5\"><span style=\"font-family: calibri\"><span style=\"font-size: large\">ROZPORZ\u0104DZENIE MEN W SPRAWIE KRYTERI\u00d3W I TRYBU PRZYZNAWANIA NAGR\u00d3D DLA NAUCZYCIELI<\/span><\/span><\/span><\/a><\/h5><h5 class=\"western\" align=\"left\"><a href=\"https:\/\/isap.sejm.gov.pl\/isap.nsf\/DocDetails.xsp?id=WDU20190001700\" target=\"_blank\" rel=\"noopener\"><span style=\"color: #a5a5a5\"><span style=\"font-family: calibri\"><span style=\"font-size: large\">ROZPORZ\u0104DZENIE MEN W SPRAWIE \u015aWIADECTW, DYPLOM\u00d3W PA\u0143STWOWYCH I INNYCH DRUK\u00d3W SZKOLNYCH<\/span><\/span><\/span><\/a><\/h5><\/div><\/div><\/div><\/div><\/div><\/div>","protected":false},"excerpt":{"rendered":"","protected":false},"author":1,"featured_media":0,"parent":0,"menu_order":0,"comment_status":"closed","ping_status":"closed","template":"","meta":{"footnotes":""},"class_list":["post-45","page","type-page","status-publish","hentry"],"_links":{"self":[{"href":"https:\/\/doradcametodyczny.eu\/index.php\/wp-json\/wp\/v2\/pages\/45","targetHints":{"allow":["GET"]}}],"collection":[{"href":"https:\/\/doradcametodyczny.eu\/index.php\/wp-json\/wp\/v2\/pages"}],"about":[{"href":"https:\/\/doradcametodyczny.eu\/index.php\/wp-json\/wp\/v2\/types\/page"}],"author":[{"embeddable":true,"href":"https:\/\/doradcametodyczny.eu\/index.php\/wp-json\/wp\/v2\/users\/1"}],"replies":[{"embeddable":true,"href":"https:\/\/doradcametodyczny.eu\/index.php\/wp-json\/wp\/v2\/comments?post=45"}],"version-history":[{"count":2,"href":"https:\/\/doradcametodyczny.eu\/index.php\/wp-json\/wp\/v2\/pages\/45\/revisions"}],"predecessor-version":[{"id":65,"href":"https:\/\/doradcametodyczny.eu\/index.php\/wp-json\/wp\/v2\/pages\/45\/revisions\/65"}],"wp:attachment":[{"href":"https:\/\/doradcametodyczny.eu\/index.php\/wp-json\/wp\/v2\/media?parent=45"}],"curies":[{"name":"wp","href":"https:\/\/api.w.org\/{rel}","templated":true}]}}