{"id":53,"date":"2025-10-04T18:50:37","date_gmt":"2025-10-04T16:50:37","guid":{"rendered":"https:\/\/doradcametodyczny.eu\/\/autoinstalator\/wordpress4\/?page_id=53"},"modified":"2026-02-02T13:20:57","modified_gmt":"2026-02-02T12:20:57","slug":"materialy-dydaktyczne","status":"publish","type":"page","link":"https:\/\/doradcametodyczny.eu\/index.php\/materialy-dydaktyczne\/","title":{"rendered":"Materia\u0142y dydaktyczne"},"content":{"rendered":"\n<p><strong>Skuteczne nauczanie <\/strong>wymaga narz\u0119dzi, kt\u00f3re nie tylko przekazuj\u0105 wiedz\u0119, ale przede wszystkim budz\u0105 ciekawo\u015b\u0107 i tym samym podnosz\u0105 motywacj\u0119 do nauki. W tej sekcji znajdziesz propozycje autorskich materia\u0142\u00f3w dydaktycznych tworzonych dla nauczycieli j\u0119zyka angielskiego, kt\u00f3re powsta\u0142y z my\u015bl\u0105 o wsp\u00f3\u0142czesnej polskiej szkole.<\/p>\n\n\n\n<p>Udost\u0119pniam Ci interaktywne \u0107wiczenia, kt\u00f3re pomog\u0105 Ci zaoszcz\u0119dzi\u0107 cenny czas na przygotowaniach do lekcji, a jednocze\u015bnie wzbudz\u0105 zainteresowanie Twoich uczni\u00f3w. Moje materia\u0142y s\u0105 dostosowane do r\u00f3\u017cnych poziom\u00f3w zaawansowania i grup wiekowych, u\u0142atwiaj\u0105c indywidualizacj\u0119 pracy z uczniem.<\/p>\n\n\n\n<p>Odkryj przyk\u0142adowe zasoby, dzi\u0119ki kt\u00f3rym Twoje lekcje mog\u0105 sta\u0107 si\u0119 bardziej dynamiczne, anga\u017cuj\u0105ce i tym samym efektywne.<\/p>\n\n\n\n<h3 class=\"wp-block-heading\">T\u0142umaczenie zda\u0144 na j\u0119zyk angielski<\/h3>\n\n\n\n<div style=\"position: relative; width: 100%; height: 0; padding-top: 56.2225%; padding-bottom: 0; margin-top: 1.6em; margin-bottom: 0.9em; overflow: hidden; border-radius: 8px;\">\n  <iframe style=\"position: absolute; width: 100%; height: 100%; top: 0; left: 0; border: none; padding: 0; margin: 0;\" \n    src=\"https:\/\/www.canva.com\/design\/DAGqjF0v-xc\/xnE5jngoBD-TK9w4Pr9WBQ\/view?embed\" \n    allow=\"fullscreen\" \n    allowfullscreen=\"allowfullscreen\">\n  <\/iframe>\n<\/div>\n\n\n\n<h3 class=\"wp-block-heading\">Dyktando w j\u0119zyku angielskim (zalecany Chrome)<\/h3>\n\n\n\n<div style=\"position: relative; width: 100%; height: 0; padding-top: 56.2225%; padding-bottom: 0; margin-top: 1.6em; margin-bottom: 0.9em; overflow: hidden; border-radius: 8px;\">\n  <iframe style=\"position: absolute; width: 100%; height: 100%; top: 0; left: 0; border: none; padding: 0; margin: 0;\" \n    src=\"https:\/\/www.canva.com\/design\/DAGqcDSIv78\/xegKvsH8UVdrEPQHuv-Jxg\/view?embed\" \n    allow=\"fullscreen\" \n    allowfullscreen=\"allowfullscreen\">\n  <\/iframe>\n<\/div>\n<p>&nbsp;<\/p>\n\n\n\n<h3 class=\"wp-block-heading\">Angielski Vabank<\/h3>\n\n\n\n<div style=\"position: relative; width: 100%; height: 0; padding-top: 56.2225%; padding-bottom: 0; margin-top: 1.6em; margin-bottom: 0.9em; overflow: hidden; border-radius: 8px;\">\n  <iframe style=\"position: absolute; width: 100%; height: 100%; top: 0; left: 0; border: none; padding: 0; margin: 0;\" \n    src=\"https:\/\/www.canva.com\/design\/DAGqmxEBCgY\/wuUwcma734CnmIvZOkzTNg\/view?embed\" \n    allow=\"fullscreen\" \n    allowfullscreen=\"allowfullscreen\">\n  <\/iframe>\n<\/div>\n<p>&nbsp;<\/p>\n\n\n\n<h2 class=\"wp-block-heading\">Gra Milionerzy<\/h2>\n\n\n\n<div style=\"position: relative; width: 100%; height: 0; padding-top: 56.2225%; padding-bottom: 0; margin-top: 1.6em; margin-bottom: 0.9em; overflow: hidden; border-radius: 8px;\">\n  <iframe style=\"position: absolute; width: 100%; height: 100%; top: 0; left: 0; border: none; padding: 0; margin: 0;\" \n    src=\"https:\/\/www.canva.com\/design\/DAGtoLMI7zA\/PxWG4dqjMEwy08B8U581xA\/view?embed\" \n    allow=\"fullscreen\" \n    allowfullscreen=\"allowfullscreen\">\n  <\/iframe>\n<\/div>\n","protected":false},"excerpt":{"rendered":"<p>Skuteczne nauczanie wymaga narz\u0119dzi, kt\u00f3re nie tylko przekazuj\u0105 wiedz\u0119, ale przede wszystkim budz\u0105 ciekawo\u015b\u0107 i tym samym podnosz\u0105 motywacj\u0119 do nauki. W [&hellip;]<\/p>\n","protected":false},"author":1,"featured_media":0,"parent":0,"menu_order":0,"comment_status":"closed","ping_status":"closed","template":"","meta":{"footnotes":""},"class_list":["post-53","page","type-page","status-publish","hentry"],"_links":{"self":[{"href":"https:\/\/doradcametodyczny.eu\/index.php\/wp-json\/wp\/v2\/pages\/53","targetHints":{"allow":["GET"]}}],"collection":[{"href":"https:\/\/doradcametodyczny.eu\/index.php\/wp-json\/wp\/v2\/pages"}],"about":[{"href":"https:\/\/doradcametodyczny.eu\/index.php\/wp-json\/wp\/v2\/types\/page"}],"author":[{"embeddable":true,"href":"https:\/\/doradcametodyczny.eu\/index.php\/wp-json\/wp\/v2\/users\/1"}],"replies":[{"embeddable":true,"href":"https:\/\/doradcametodyczny.eu\/index.php\/wp-json\/wp\/v2\/comments?post=53"}],"version-history":[{"count":13,"href":"https:\/\/doradcametodyczny.eu\/index.php\/wp-json\/wp\/v2\/pages\/53\/revisions"}],"predecessor-version":[{"id":388,"href":"https:\/\/doradcametodyczny.eu\/index.php\/wp-json\/wp\/v2\/pages\/53\/revisions\/388"}],"wp:attachment":[{"href":"https:\/\/doradcametodyczny.eu\/index.php\/wp-json\/wp\/v2\/media?parent=53"}],"curies":[{"name":"wp","href":"https:\/\/api.w.org\/{rel}","templated":true}]}}