{"id":55,"date":"2025-10-04T18:50:55","date_gmt":"2025-10-04T16:50:55","guid":{"rendered":"https:\/\/doradcametodyczny.eu\/\/autoinstalator\/wordpress4\/?page_id=55"},"modified":"2026-02-02T13:14:50","modified_gmt":"2026-02-02T12:14:50","slug":"wspolpraca","status":"publish","type":"page","link":"https:\/\/doradcametodyczny.eu\/index.php\/wspolpraca\/","title":{"rendered":"Wsp\u00f3\u0142praca"},"content":{"rendered":"<div ><style>#sp-ea-62 .spcollapsing { height: 0; overflow: hidden; transition-property: height;transition-duration: 300ms;}#sp-ea-62.sp-easy-accordion>.sp-ea-single {margin-bottom: 10px; border: 1px solid #e2e2e2; }#sp-ea-62.sp-easy-accordion>.sp-ea-single>.ea-header a {color: #ffffff;}#sp-ea-62.sp-easy-accordion>.sp-ea-single>.sp-collapse>.ea-body {background: #fff; color: #444;}#sp-ea-62.sp-easy-accordion>.sp-ea-single {background: #060097;}#sp-ea-62.sp-easy-accordion>.sp-ea-single>.ea-header a .ea-expand-icon { float: left; color: #444;font-size: 16px;}<\/style><div id=\"sp_easy_accordion-1759596934\"><div id=\"sp-ea-62\" class=\"sp-ea-one sp-easy-accordion\" data-ea-active=\"ea-click\" data-ea-mode=\"vertical\" data-preloader=\"\" data-scroll-active-item=\"1\" data-offset-to-scroll=\"0\"><div class=\"ea-card sp-ea-single\"><h3 class=\"ea-header\"><a class=\"collapsed\" id=\"ea-header-620\" role=\"button\" data-sptoggle=\"spcollapse\" data-sptarget=\"#collapse620\" aria-controls=\"collapse620\" href=\"#\" aria-expanded=\"false\" tabindex=\"0\"><i aria-hidden=\"true\" role=\"presentation\" class=\"ea-expand-icon eap-icon-ea-expand-plus\"><\/i> Zapraszam do wsp\u00f3\u0142pracy<\/a><\/h3><div class=\"sp-collapse spcollapse spcollapse\" id=\"collapse620\" data-parent=\"#sp-ea-62\" role=\"region\" aria-labelledby=\"ea-header-620\"> <div class=\"ea-body\"><p>Zapraszam do wsp\u00f3\u0142pracy w zakresie:<\/p><ul><li>prowadzenia szkole\u0144 (warsztat\u00f3w i wyk\u0142ad\u00f3w),<\/li><li>konsultacji edukacyjnych,<\/li><li>tworzenia gier i materia\u0142\u00f3w dydaktycznych,<\/li><li>tworzenia lub udzia\u0142u w projektach edukacyjnych,<\/li><li>recenzji ksi\u0105\u017cek, podr\u0119cznik\u00f3w i innych materia\u0142\u00f3w dydaktycznych.<\/li><\/ul><p>Zapraszam do skorzystania z oferty szkole\u0144 dla nauczycieli w nast\u0119puj\u0105cych obszarach:<\/p><ul><li>technologie informacyjno-komunikacyjne (ICT),<\/li><li>metody i techniki wspieraj\u0105ce proces uczenia si\u0119 uczni\u00f3w,<\/li><li>planowanie dydaktyczne,<\/li><li>diagnoza i ocenianie,<\/li><li>rozwijanie kompetencji kluczowych,<\/li><li>praca z uczniem ze specjalnymi potrzebami edukacyjnymi,<\/li><li>indywidualizacja procesu nauczania,<\/li><li>przygotowanie do egzaminu z j\u0119zyka obcego nowo\u017cytnego po klasie \u00f3smej szko\u0142y podstawowej,<br \/>motywowanie uczni\u00f3w do nauki,<\/li><li>rozwijanie autonomii uczni\u00f3w w procesie uczenia.<\/li><\/ul><p>Zapraszam do wsp\u00f3\u0142pracy<\/p><p>kurseducator@gmail.com<\/p><\/div><\/div><\/div><\/div><\/div><\/div>","protected":false},"excerpt":{"rendered":"","protected":false},"author":1,"featured_media":0,"parent":0,"menu_order":0,"comment_status":"closed","ping_status":"closed","template":"","meta":{"footnotes":""},"class_list":["post-55","page","type-page","status-publish","hentry"],"_links":{"self":[{"href":"https:\/\/doradcametodyczny.eu\/index.php\/wp-json\/wp\/v2\/pages\/55","targetHints":{"allow":["GET"]}}],"collection":[{"href":"https:\/\/doradcametodyczny.eu\/index.php\/wp-json\/wp\/v2\/pages"}],"about":[{"href":"https:\/\/doradcametodyczny.eu\/index.php\/wp-json\/wp\/v2\/types\/page"}],"author":[{"embeddable":true,"href":"https:\/\/doradcametodyczny.eu\/index.php\/wp-json\/wp\/v2\/users\/1"}],"replies":[{"embeddable":true,"href":"https:\/\/doradcametodyczny.eu\/index.php\/wp-json\/wp\/v2\/comments?post=55"}],"version-history":[{"count":2,"href":"https:\/\/doradcametodyczny.eu\/index.php\/wp-json\/wp\/v2\/pages\/55\/revisions"}],"predecessor-version":[{"id":74,"href":"https:\/\/doradcametodyczny.eu\/index.php\/wp-json\/wp\/v2\/pages\/55\/revisions\/74"}],"wp:attachment":[{"href":"https:\/\/doradcametodyczny.eu\/index.php\/wp-json\/wp\/v2\/media?parent=55"}],"curies":[{"name":"wp","href":"https:\/\/api.w.org\/{rel}","templated":true}]}}