{"id":93,"date":"2025-10-05T12:18:09","date_gmt":"2025-10-05T10:18:09","guid":{"rendered":"https:\/\/doradcametodyczny.eu\/\/autoinstalator\/wordpress4\/index.php\/front_page\/"},"modified":"2026-02-02T11:56:51","modified_gmt":"2026-02-02T10:56:51","slug":"front_page","status":"publish","type":"page","link":"https:\/\/doradcametodyczny.eu\/","title":{"rendered":"Home"},"content":{"rendered":"\n<p>Witam na stronie doradcy metodycznego j\u0119zyka angielskiego!<\/p>\n\n\n\n<p>Jestem doradc\u0105 metodycznym j\u0119zyka angielskiego od 2006 roku. Uko\u0144czy\u0142em Uniwersytet Marii Curie-Sk\u0142odowskiej w Lublinie na kierunku filologia angielska oraz Katolicki Uniwersytet Lubelski na kierunku psychologia. Obecnie pracuj\u0119 jako nauczyciel j\u0119zyka angielskiego w Szkole Podstawowej nr 57 im. Jana Kochanowskiego w Lublinie.<\/p>\n\n\n\n<div class=\"wp-block-buttons is-layout-flex wp-block-buttons-is-layout-flex\">\n<div class=\"wp-block-button is-style-outline is-style-outline--1\"><a class=\"wp-block-button__link has-global-color-9-color has-cyan-bluish-gray-background-color has-text-color has-background has-link-color wp-element-button\" href=\"https:\/\/doradcametodyczny.eu\/index.php\/o-mnie\/\">Wi\u0119cej<\/a><\/div>\n<\/div>\n\n\n\n<figure class=\"wp-block-image size-large\"><a href=\"https:\/\/e-educator.eu\" target=\"_blank\" rel=\"noopener\"><img loading=\"lazy\" decoding=\"async\" width=\"1024\" height=\"512\" src=\"https:\/\/doradcametodyczny.eu\/wp-content\/uploads\/2026\/01\/BANER-DUZY-E-EDUCATOR-1024x512.jpg\" alt=\"baner - kurs \u00f3smoklasisty\" class=\"wp-image-288\" srcset=\"https:\/\/doradcametodyczny.eu\/wp-content\/uploads\/2026\/01\/BANER-DUZY-E-EDUCATOR-1024x512.jpg 1024w, https:\/\/doradcametodyczny.eu\/wp-content\/uploads\/2026\/01\/BANER-DUZY-E-EDUCATOR-300x150.jpg 300w, https:\/\/doradcametodyczny.eu\/wp-content\/uploads\/2026\/01\/BANER-DUZY-E-EDUCATOR-768x384.jpg 768w, https:\/\/doradcametodyczny.eu\/wp-content\/uploads\/2026\/01\/BANER-DUZY-E-EDUCATOR-1536x768.jpg 1536w, https:\/\/doradcametodyczny.eu\/wp-content\/uploads\/2026\/01\/BANER-DUZY-E-EDUCATOR-2048x1024.jpg 2048w, https:\/\/doradcametodyczny.eu\/wp-content\/uploads\/2026\/01\/BANER-DUZY-E-EDUCATOR-1000x500.jpg 1000w, https:\/\/doradcametodyczny.eu\/wp-content\/uploads\/2026\/01\/BANER-DUZY-E-EDUCATOR-230x115.jpg 230w, https:\/\/doradcametodyczny.eu\/wp-content\/uploads\/2026\/01\/BANER-DUZY-E-EDUCATOR-350x175.jpg 350w, https:\/\/doradcametodyczny.eu\/wp-content\/uploads\/2026\/01\/BANER-DUZY-E-EDUCATOR-480x240.jpg 480w\" sizes=\"auto, (max-width: 1024px) 100vw, 1024px\" \/><\/a><\/figure>\n","protected":false},"excerpt":{"rendered":"<p>Witam na stronie doradcy metodycznego j\u0119zyka angielskiego! Jestem doradc\u0105 metodycznym j\u0119zyka angielskiego od 2006 roku. Uko\u0144czy\u0142em Uniwersytet Marii Curie-Sk\u0142odowskiej w Lublinie na [&hellip;]<\/p>\n","protected":false},"author":1,"featured_media":123,"parent":0,"menu_order":0,"comment_status":"closed","ping_status":"closed","template":"","meta":{"footnotes":""},"class_list":["post-93","page","type-page","status-publish","has-post-thumbnail","hentry"],"_links":{"self":[{"href":"https:\/\/doradcametodyczny.eu\/index.php\/wp-json\/wp\/v2\/pages\/93","targetHints":{"allow":["GET"]}}],"collection":[{"href":"https:\/\/doradcametodyczny.eu\/index.php\/wp-json\/wp\/v2\/pages"}],"about":[{"href":"https:\/\/doradcametodyczny.eu\/index.php\/wp-json\/wp\/v2\/types\/page"}],"author":[{"embeddable":true,"href":"https:\/\/doradcametodyczny.eu\/index.php\/wp-json\/wp\/v2\/users\/1"}],"replies":[{"embeddable":true,"href":"https:\/\/doradcametodyczny.eu\/index.php\/wp-json\/wp\/v2\/comments?post=93"}],"version-history":[{"count":8,"href":"https:\/\/doradcametodyczny.eu\/index.php\/wp-json\/wp\/v2\/pages\/93\/revisions"}],"predecessor-version":[{"id":290,"href":"https:\/\/doradcametodyczny.eu\/index.php\/wp-json\/wp\/v2\/pages\/93\/revisions\/290"}],"wp:featuredmedia":[{"embeddable":true,"href":"https:\/\/doradcametodyczny.eu\/index.php\/wp-json\/wp\/v2\/media\/123"}],"wp:attachment":[{"href":"https:\/\/doradcametodyczny.eu\/index.php\/wp-json\/wp\/v2\/media?parent=93"}],"curies":[{"name":"wp","href":"https:\/\/api.w.org\/{rel}","templated":true}]}}